{"id":25736,"date":"2021-10-15T10:47:41","date_gmt":"2021-10-15T08:47:41","guid":{"rendered":"http:\/\/www.palaciorejadorada.com\/localizacion\/"},"modified":"2023-04-13T11:07:28","modified_gmt":"2023-04-13T09:07:28","slug":"emplacement","status":"publish","type":"page","link":"https:\/\/www.palaciorejadorada.com\/fr\/emplacement\/","title":{"rendered":"Emplacement"},"content":{"rendered":"[vc_row type=&#8221;in_container&#8221; full_screen_row_position=&#8221;middle&#8221; column_margin=&#8221;default&#8221; column_direction=&#8221;default&#8221; column_direction_tablet=&#8221;default&#8221; column_direction_phone=&#8221;default&#8221; bg_color=&#8221;#d6d6d6&#8243; scene_position=&#8221;center&#8221; text_color=&#8221;light&#8221; text_align=&#8221;center&#8221; row_border_radius=&#8221;none&#8221; row_border_radius_applies=&#8221;bg&#8221; color_overlay=&#8221;rgba(10,10,10,0.7)&#8221; overlay_strength=&#8221;0.95&#8243; gradient_direction=&#8221;left_to_right&#8221; shape_divider_position=&#8221;bottom&#8221; bg_image_animation=&#8221;none&#8221; shape_type=&#8221;&#8221;][vc_column column_padding=&#8221;no-extra-padding&#8221; column_padding_tablet=&#8221;inherit&#8221; column_padding_phone=&#8221;inherit&#8221; column_padding_position=&#8221;all&#8221; centered_text=&#8221;true&#8221; background_color_opacity=&#8221;1&#8243; background_hover_color_opacity=&#8221;1&#8243; column_shadow=&#8221;none&#8221; column_border_radius=&#8221;none&#8221; column_link_target=&#8221;_self&#8221; gradient_direction=&#8221;left_to_right&#8221; overlay_strength=&#8221;0.3&#8243; width=&#8221;1\/1&#8243; tablet_width_inherit=&#8221;default&#8221; tablet_text_alignment=&#8221;default&#8221; phone_text_alignment=&#8221;default&#8221; column_border_width=&#8221;none&#8221; column_border_style=&#8221;solid&#8221; bg_image_animation=&#8221;none&#8221;]<div data-midnight=\"nectar-slider\" class=\"parallax_slider_outer \"><div  data-transition=\"slide\" data-overall_style=\"classic\" data-flexible-height=\"\" data-animate-in-effect=\"none\" data-fullscreen=\"true\" data-button-sizing=\"regular\" data-button-styling=\"btn_with_count\" data-autorotate=\"\" data-parallax=\"true\" data-parallax-disable-mobile=\"true\" data-caption-trans=\"fade_in_from_bottom\" data-parallax-style=\"bg_only\" data-bg-animation=\"none\" data-full-width=\"true\" class=\"nectar-slider-wrap \" id=\"nectar-slider-instance-1\"><div class=\"swiper-container\"  data-tho=\"auto\" data-tco=\"auto\" data-pho=\"auto\" data-pco=\"auto\" data-loop=\"false\" data-height=\"650\" data-min-height=\"\" data-arrows=\"false\" data-bullets=\"false\" data-bullet_style=\"see_through\" data-bullet_position=\"bottom\" data-desktop-swipe=\"false\" data-settings=\"\"> <div class=\"swiper-wrapper\"><div class=\"swiper-slide\" data-desktop-content-width=\"auto\" data-tablet-content-width=\"auto\" data-bg-alignment=\"center\" data-color-scheme=\"light\" data-x-pos=\"centered\" data-y-pos=\"middle\" ><div class=\"slide-bg-wrap\"><div class=\"image-bg\" style=\"background-image: url(https:\/\/www.palaciorejadorada.com\/wp-content\/uploads\/2023\/03\/palacio_rejadorada_Toro3-copia.jpg);\"> &nbsp; <\/div><\/div><div class=\"container\">\n\t\t\t\t\t\t<div class=\"content\"><h2>DANS LE CENTRE HISTORIQUE<\/h2><\/div>\n\t\t\t\t\t\t\t\t<\/div><!--\/container--><a href=\"#\" class=\"slider-down-arrow\"><i class=\"icon-salient-down-arrow icon-default-style\"> <span class=\"ie-fix\"><\/span> <\/i><\/a><div class=\"video-texture \"> <span class=\"ie-fix\"><\/span> <\/div><\/div> <!--\/swiper-slide--><\/div><div class=\"nectar-slider-loading \"> <span class=\"loading-icon none\">   <\/span> <\/div> <\/div> \n\t\t\t\t\t\n\t\t\t\t\t<\/div><\/div>[\/vc_column][\/vc_row][vc_row type=&#8221;full_width_background&#8221; full_screen_row_position=&#8221;middle&#8221; column_margin=&#8221;70px&#8221; equal_height=&#8221;yes&#8221; content_placement=&#8221;middle&#8221; column_direction=&#8221;default&#8221; column_direction_tablet=&#8221;default&#8221; column_direction_phone=&#8221;default&#8221; bg_image=&#8221;26459&#8243; bg_position=&#8221;center top&#8221; bg_repeat=&#8221;no-repeat&#8221; scene_position=&#8221;center&#8221; top_padding=&#8221;3%&#8221; bottom_padding=&#8221;3%&#8221; top_padding_phone=&#8221;20%&#8221; bottom_padding_phone=&#8221;20%&#8221; text_color=&#8221;dark&#8221; text_align=&#8221;center&#8221; row_border_radius=&#8221;none&#8221; row_border_radius_applies=&#8221;bg&#8221; color_overlay=&#8221;#ffffff&#8221; color_overlay_2=&#8221;#ffffff&#8221; overlay_strength=&#8221;0.5&#8243; gradient_direction=&#8221;left_to_right&#8221; shape_divider_position=&#8221;bottom&#8221; shape_divider_height=&#8221;350&#8243; bg_image_animation=&#8221;fade-in&#8221; parallax_bg=&#8221;true&#8221; parallax_bg_speed=&#8221;fast&#8221; shape_type=&#8221;mountains&#8221;][vc_column column_padding=&#8221;no-extra-padding&#8221; column_padding_tablet=&#8221;inherit&#8221; column_padding_phone=&#8221;inherit&#8221; column_padding_position=&#8221;all&#8221; background_color_opacity=&#8221;1&#8243; background_hover_color_opacity=&#8221;1&#8243; font_color=&#8221;#44443c&#8221; column_shadow=&#8221;none&#8221; column_border_radius=&#8221;none&#8221; column_link_target=&#8221;_self&#8221; gradient_direction=&#8221;left_to_right&#8221; overlay_strength=&#8221;0.3&#8243; width=&#8221;1\/1&#8243; tablet_width_inherit=&#8221;default&#8221; tablet_text_alignment=&#8221;default&#8221; phone_text_alignment=&#8221;default&#8221; column_border_width=&#8221;none&#8221; column_border_style=&#8221;solid&#8221; bg_image_animation=&#8221;none&#8221;][vc_column_text]\n<h2><span style=\"color: #9d744e;\">DANS LE CENTRE HISTORIQUE DE TORO<\/span><\/h2>\n[\/vc_column_text][vc_row_inner column_margin=&#8221;default&#8221; column_direction=&#8221;default&#8221; column_direction_tablet=&#8221;default&#8221; column_direction_phone=&#8221;default&#8221; text_align=&#8221;left&#8221;][vc_column_inner column_padding=&#8221;no-extra-padding&#8221; column_padding_tablet=&#8221;inherit&#8221; column_padding_phone=&#8221;inherit&#8221; column_padding_position=&#8221;all&#8221; background_color_opacity=&#8221;1&#8243; background_hover_color_opacity=&#8221;1&#8243; column_shadow=&#8221;none&#8221; column_border_radius=&#8221;none&#8221; column_link_target=&#8221;_self&#8221; gradient_direction=&#8221;left_to_right&#8221; overlay_strength=&#8221;0.3&#8243; width=&#8221;1\/1&#8243; tablet_width_inherit=&#8221;default&#8221; column_border_width=&#8221;none&#8221; column_border_style=&#8221;solid&#8221; bg_image_animation=&#8221;none&#8221;][vc_column_text]\n<p style=\"text-align: left;\">Le Palacio Rejadorada est un b\u00e2timent du XVe si\u00e8cle, enti\u00e8rement restaur\u00e9, situ\u00e9 dans le centre historique de la ville de Toro, \u00e0 deux pas de la Coll\u00e9giale de Santa Mar\u00eda et de la Plaza Mayor.<br \/>\nSa restauration a \u00e9t\u00e9 r\u00e9alis\u00e9e dans le plus grand respect de l&#8217;histoire et de l&#8217;architecture du b\u00e2timent, ce qui a permis de cr\u00e9er un h\u00f4tel unique dans la ville, au charme singulier, dans un environnement attrayant o\u00f9 vous pourrez profiter de la paix et de la tranquillit\u00e9&#8230;<br \/>\nSa r\u00e9novation a \u00e9t\u00e9 r\u00e9alis\u00e9e dans le plus grand respect de l&#8217;histoire et de l&#8217;architecture du b\u00e2timent, ce qui a permis de cr\u00e9er un h\u00f4tel unique dans la ville, au charme singulier, dans un cadre attrayant o\u00f9 vous pourrez profiter de la paix et de la tranquillit\u00e9.<\/p>\n[\/vc_column_text][\/vc_column_inner][\/vc_row_inner][vc_row_inner column_margin=&#8221;default&#8221; column_direction=&#8221;default&#8221; column_direction_tablet=&#8221;default&#8221; column_direction_phone=&#8221;default&#8221; text_align=&#8221;left&#8221;][vc_column_inner column_padding=&#8221;no-extra-padding&#8221; column_padding_tablet=&#8221;inherit&#8221; column_padding_phone=&#8221;inherit&#8221; column_padding_position=&#8221;all&#8221; background_color_opacity=&#8221;1&#8243; background_hover_color_opacity=&#8221;1&#8243; column_shadow=&#8221;none&#8221; column_border_radius=&#8221;none&#8221; column_link_target=&#8221;_self&#8221; gradient_direction=&#8221;left_to_right&#8221; overlay_strength=&#8221;0.3&#8243; width=&#8221;1\/1&#8243; tablet_width_inherit=&#8221;default&#8221; column_border_width=&#8221;none&#8221; column_border_style=&#8221;solid&#8221; bg_image_animation=&#8221;none&#8221;][vc_raw_html]JTNDaWZyYW1lJTIwc3JjJTNEJTIyaHR0cHMlM0ElMkYlMkZ3d3cuZ29vZ2xlLmNvbSUyRm1hcHMlMkZlbWJlZCUzRnBiJTNEJTIxMW0xOCUyMTFtMTIlMjExbTMlMjExZDI5ODcuMTk3NTk2OTM1NzkzNiUyMTJkLTUuMzkyNDY1ODg0NTcwMDQ4JTIxM2Q0MS41MjE2NjAyNzkyNTIxMjQlMjEybTMlMjExZjAlMjEyZjAlMjEzZjAlMjEzbTIlMjExaTEwMjQlMjEyaTc2OCUyMTRmMTMuMSUyMTNtMyUyMTFtMiUyMTFzMHhkMzg5NGQzYmI3NjY3ZTklMjUzQTB4ZmM0NDkxMjRkMDE5Njk0NCUyMTJzUGFsYWNpbyUyNTIwUmVqYWRvcmFkYSUyNTIwLSUyNTIwV0VCJTI1MjBPRklDSUFMJTIxNWUwJTIxM20yJTIxMXNlcyUyMTJzZXMlMjE0djE2Nzg5Njk2MjAyMTglMjE1bTIlMjExc2VzJTIxMnNlcyUyMiUyMHdpZHRoJTNEJTIyMTkwMCUyMiUyMGhlaWdodCUzRCUyMjYwMCUyMiUyMHN0eWxlJTNEJTIyYm9yZGVyJTNBMCUzQiUyMiUyMGFsbG93ZnVsbHNjcmVlbiUzRCUyMiUyMiUyMGxvYWRpbmclM0QlMjJsYXp5JTIyJTIwcmVmZXJyZXJwb2xpY3klM0QlMjJuby1yZWZlcnJlci13aGVuLWRvd25ncmFkZSUyMiUzRSUzQyUyRmlmcmFtZSUzRQ==[\/vc_raw_html][\/vc_column_inner][\/vc_row_inner][vc_row_inner column_margin=&#8221;default&#8221; column_direction=&#8221;default&#8221; column_direction_tablet=&#8221;default&#8221; column_direction_phone=&#8221;default&#8221; text_align=&#8221;center&#8221;][vc_column_inner column_padding=&#8221;no-extra-padding&#8221; column_padding_tablet=&#8221;inherit&#8221; column_padding_phone=&#8221;inherit&#8221; column_padding_position=&#8221;all&#8221; background_color_opacity=&#8221;1&#8243; background_hover_color_opacity=&#8221;1&#8243; column_shadow=&#8221;none&#8221; column_border_radius=&#8221;none&#8221; column_link_target=&#8221;_self&#8221; gradient_direction=&#8221;left_to_right&#8221; overlay_strength=&#8221;0.3&#8243; width=&#8221;1\/1&#8243; tablet_width_inherit=&#8221;default&#8221; column_border_width=&#8221;none&#8221; column_border_style=&#8221;solid&#8221; bg_image_animation=&#8221;none&#8221;][nectar_icon icon_family=&#8221;fontawesome&#8221; icon_style=&#8221;default&#8221; icon_color_type=&#8221;custom&#8221; icon_color_custom=&#8221;#9d744e&#8221; icon_padding=&#8221;0px&#8221; icon_fontawesome=&#8221;fa fa-map-o&#8221; icon_size=&#8221;35&#8243;][vc_column_text]\n<h5 style=\"text-align: center;\"><span style=\"color: #9d744e;\">DISTANCES<\/span><\/h5>\n[\/vc_column_text][vc_column_text]\n<p style=\"text-align: center;\">Toro est l&#8217;une des principales municipalit\u00e9s de Zamora (Castille-L\u00e9on).<br \/>\n220 kilom\u00e8tres de Madrid<br \/>\n64 kilom\u00e8tres de Valladolid<br \/>\n72 kilom\u00e8tres de Salamanque<br \/>\n32 kilom\u00e8tres de Zamora<\/p>\n[\/vc_column_text][nectar_icon icon_family=&#8221;fontawesome&#8221; icon_style=&#8221;default&#8221; icon_color_type=&#8221;custom&#8221; icon_color_custom=&#8221;#9d744e&#8221; icon_padding=&#8221;0px&#8221; icon_fontawesome=&#8221;fa fa-bus&#8221; icon_size=&#8221;35&#8243;][vc_column_text]\n<h5 style=\"text-align: center;\"><span style=\"color: #9d744e;\">LES TRANSPORTS PUBLICS<\/span><\/h5>\n[\/vc_column_text][vc_column_text]\n<p style=\"text-align: center;\">Gare routi\u00e8re de Toro, Calle Alba, 4, 49800 Toro, Zamora.<br \/>\nT\u00e9l:+34 980 69 32 36.<br \/>\nGare routi\u00e8re de Zamora, Avenida Alfonso Pe\u00f1a, s\/n, 49010 Zamora.<br \/>\nT\u00e9l:+34 980521281<br \/>\nVoyage en train Gare de Toro, avec des services de moyenne distance, Calle Estaci\u00f3n, s\/n 49800 Toro (Zamora).<br \/>\nT\u00e9l : +34 902 240 505.<br \/>\nGare de Zamora, Ctra. de la Estaci\u00f3n, s\/n 49029 Zamora.<br \/>\nT\u00e9l : +34 902 240 505.<\/p>\n[\/vc_column_text][nectar_icon icon_family=&#8221;fontawesome&#8221; icon_style=&#8221;default&#8221; icon_color_type=&#8221;custom&#8221; icon_color_custom=&#8221;#9d744e&#8221; icon_padding=&#8221;0px&#8221; icon_fontawesome=&#8221;fa fa-train&#8221; icon_size=&#8221;35&#8243;][vc_column_text]\n<h5 style=\"text-align: center;\"><span style=\"color: #9d744e;\">PAR AVION<\/span><\/h5>\n[\/vc_column_text][vc_column_text]\n<p style=\"text-align: center;\">Les a\u00e9roports les plus proches sont Valladolid et Salamanque.<br \/>\nT\u00e9l\u00e9phone : +34 902 404 704<\/p>\n[\/vc_column_text][\/vc_column_inner][\/vc_row_inner][\/vc_column][\/vc_row]\n","protected":false},"excerpt":{"rendered":"<p>[vc_row type=&#8221;in_container&#8221; full_screen_row_position=&#8221;middle&#8221; column_margin=&#8221;default&#8221; column_direction=&#8221;default&#8221; column_direction_tablet=&#8221;default&#8221; column_direction_phone=&#8221;default&#8221; bg_color=&#8221;#d6d6d6&#8243; scene_position=&#8221;center&#8221; text_color=&#8221;light&#8221; text_align=&#8221;center&#8221; row_border_radius=&#8221;none&#8221; row_border_radius_applies=&#8221;bg&#8221; color_overlay=&#8221;rgba(10,10,10,0.7)&#8221; overlay_strength=&#8221;0.95&#8243; gradient_direction=&#8221;left_to_right&#8221; shape_divider_position=&#8221;bottom&#8221; bg_image_animation=&#8221;none&#8221; shape_type=&#8221;&#8221;][vc_column column_padding=&#8221;no-extra-padding&#8221; column_padding_tablet=&#8221;inherit&#8221; column_padding_phone=&#8221;inherit&#8221; column_padding_position=&#8221;all&#8221; centered_text=&#8221;true&#8221; background_color_opacity=&#8221;1&#8243; background_hover_color_opacity=&#8221;1&#8243; column_shadow=&#8221;none&#8221; column_border_radius=&#8221;none&#8221; column_link_target=&#8221;_self&#8221; gradient_direction=&#8221;left_to_right&#8221;&#8230;<\/p>\n","protected":false},"author":3,"featured_media":0,"parent":0,"menu_order":0,"comment_status":"closed","ping_status":"closed","template":"","meta":{"footnotes":""},"class_list":["post-25736","page","type-page","status-publish"],"_links":{"self":[{"href":"https:\/\/www.palaciorejadorada.com\/fr\/wp-json\/wp\/v2\/pages\/25736","targetHints":{"allow":["GET"]}}],"collection":[{"href":"https:\/\/www.palaciorejadorada.com\/fr\/wp-json\/wp\/v2\/pages"}],"about":[{"href":"https:\/\/www.palaciorejadorada.com\/fr\/wp-json\/wp\/v2\/types\/page"}],"author":[{"embeddable":true,"href":"https:\/\/www.palaciorejadorada.com\/fr\/wp-json\/wp\/v2\/users\/3"}],"replies":[{"embeddable":true,"href":"https:\/\/www.palaciorejadorada.com\/fr\/wp-json\/wp\/v2\/comments?post=25736"}],"version-history":[{"count":9,"href":"https:\/\/www.palaciorejadorada.com\/fr\/wp-json\/wp\/v2\/pages\/25736\/revisions"}],"predecessor-version":[{"id":26024,"href":"https:\/\/www.palaciorejadorada.com\/fr\/wp-json\/wp\/v2\/pages\/25736\/revisions\/26024"}],"wp:attachment":[{"href":"https:\/\/www.palaciorejadorada.com\/fr\/wp-json\/wp\/v2\/media?parent=25736"}],"curies":[{"name":"wp","href":"https:\/\/api.w.org\/{rel}","templated":true}]}}